{"id":7451,"date":"2026-02-13T14:45:25","date_gmt":"2026-02-13T18:45:25","guid":{"rendered":"https:\/\/volthome.com\/?page_id=7451"},"modified":"2026-02-25T13:30:07","modified_gmt":"2026-02-25T17:30:07","slug":"blog-2026","status":"publish","type":"page","link":"https:\/\/volthome.com\/es\/blog-2026\/","title":{"rendered":"Blog 2026"},"content":{"rendered":"<div data-elementor-type=\"wp-page\" data-elementor-id=\"7451\" class=\"elementor elementor-7451\" data-elementor-post-type=\"page\">\n\t\t\t\t<div class=\"elementor-element elementor-element-815a9ae e-con-full e-flex e-con e-parent\" data-id=\"815a9ae\" data-element_type=\"container\" data-settings=\"{&quot;background_background&quot;:&quot;classic&quot;}\">\n\t\t<div class=\"elementor-element elementor-element-330001a animated-slow e-flex e-con-boxed elementor-invisible e-con e-child\" data-id=\"330001a\" data-element_type=\"container\" data-settings=\"{&quot;animation&quot;:&quot;fadeInUp&quot;}\">\n\t\t\t\t\t<div class=\"e-con-inner\">\n\t\t\t\t<div class=\"elementor-element elementor-element-4da2a02 elementor-widget elementor-widget-heading\" data-id=\"4da2a02\" data-element_type=\"widget\" data-widget_type=\"heading.default\">\n\t\t\t\t<div class=\"elementor-widget-container\">\n\t\t\t\t\t<h2 class=\"elementor-heading-title elementor-size-default\">BLOG<\/h2>\t\t\t\t<\/div>\n\t\t\t\t<\/div>\n\t\t\t\t<div class=\"elementor-element elementor-element-2de5c83 elementor-widget__width-initial elementor-widget elementor-widget-heading\" data-id=\"2de5c83\" data-element_type=\"widget\" data-widget_type=\"heading.default\">\n\t\t\t\t<div class=\"elementor-widget-container\">\n\t\t\t\t\t<h1 class=\"elementor-heading-title elementor-size-default\">Mant\u00e9ngase al d\u00eda de las \u00faltimas noticias, tendencias y consejos para hacer su hogar m\u00e1s inteligente.<\/h1>\t\t\t\t<\/div>\n\t\t\t\t<\/div>\n\t\t\t\t\t<\/div>\n\t\t\t\t<\/div>\n\t\t\t\t<\/div>\n\t\t<div class=\"elementor-element elementor-element-3294c64 e-flex e-con-boxed e-con e-parent\" data-id=\"3294c64\" data-element_type=\"container\" data-settings=\"{&quot;background_background&quot;:&quot;classic&quot;}\">\n\t\t\t\t\t<div class=\"e-con-inner\">\n\t\t\t\t<div class=\"elementor-element elementor-element-5227502 elementor-grid-1 elementor-grid-tablet-2 elementor-grid-mobile-1 elementor-posts--thumbnail-top elementor-widget elementor-widget-posts\" data-id=\"5227502\" data-element_type=\"widget\" data-settings=\"{&quot;classic_columns&quot;:&quot;1&quot;,&quot;classic_columns_tablet&quot;:&quot;2&quot;,&quot;classic_columns_mobile&quot;:&quot;1&quot;,&quot;classic_row_gap&quot;:{&quot;unit&quot;:&quot;px&quot;,&quot;size&quot;:35,&quot;sizes&quot;:[]},&quot;classic_row_gap_widescreen&quot;:{&quot;unit&quot;:&quot;px&quot;,&quot;size&quot;:&quot;&quot;,&quot;sizes&quot;:[]},&quot;classic_row_gap_tablet&quot;:{&quot;unit&quot;:&quot;px&quot;,&quot;size&quot;:&quot;&quot;,&quot;sizes&quot;:[]},&quot;classic_row_gap_mobile&quot;:{&quot;unit&quot;:&quot;px&quot;,&quot;size&quot;:&quot;&quot;,&quot;sizes&quot;:[]}}\" data-widget_type=\"posts.classic\">\n\t\t\t\t<div class=\"elementor-widget-container\">\n\t\t\t\t\t\t\t<div class=\"elementor-posts-container elementor-posts elementor-posts--skin-classic elementor-grid\" role=\"list\">\n\t\t\t\t<article class=\"elementor-post elementor-grid-item post-1732 post type-post status-publish format-standard has-post-thumbnail hentry category-volt-blog\" role=\"listitem\">\n\t\t\t\t<a class=\"elementor-post__thumbnail__link\" href=\"https:\/\/volthome.com\/es\/lorem-ipsum-10\/\" tabindex=\"-1\" >\n\t\t\t<div class=\"elementor-post__thumbnail\"><img loading=\"lazy\" decoding=\"async\" width=\"800\" height=\"740\" src=\"https:\/\/volthome.com\/wp-content\/uploads\/2024\/10\/BLOGS-1080-x-1050-px-3.png\" class=\"attachment-large size-large wp-image-7503\" alt=\"\" srcset=\"https:\/\/volthome.com\/wp-content\/uploads\/2024\/10\/BLOGS-1080-x-1050-px-3.png 822w, https:\/\/volthome.com\/wp-content\/uploads\/2024\/10\/BLOGS-1080-x-1050-px-3-300x277.png 300w, https:\/\/volthome.com\/wp-content\/uploads\/2024\/10\/BLOGS-1080-x-1050-px-3-768x710.png 768w, https:\/\/volthome.com\/wp-content\/uploads\/2024\/10\/BLOGS-1080-x-1050-px-3-13x12.png 13w\" sizes=\"auto, (max-width: 800px) 100vw, 800px\" \/><\/div>\n\t\t<\/a>\n\t\t\t\t<div class=\"elementor-post__text\">\n\t\t\t\t<h3 class=\"elementor-post__title\">\n\t\t\t<a href=\"https:\/\/volthome.com\/es\/lorem-ipsum-10\/\" >\n\t\t\t\tArreglar su tejado en Florida aumenta el valor de su casa: \u00a1Una inversi\u00f3n inteligente!\t\t\t<\/a>\n\t\t<\/h3>\n\t\t\t\t<div class=\"elementor-post__meta-data\">\n\t\t\t\t\t<span class=\"elementor-post-date\">\n\t\t\t10\/07\/2024\t\t<\/span>\n\t\t\t\t<span class=\"elementor-post-avatar\">\n\t\t\tNo hay comentarios\t\t<\/span>\n\t\t\t\t<\/div>\n\t\t\t\t<div class=\"elementor-post__excerpt\">\n\t\t\t<p>En el impredecible mercado inmobiliario de Florida, mantener su tejado en las mejores condiciones es m\u00e1s que una necesidad: es una inversi\u00f3n inteligente. Con los frecuentes huracanes<\/p>\n\t\t<\/div>\n\t\t\n\t\t<a class=\"elementor-post__read-more\" href=\"https:\/\/volthome.com\/es\/lorem-ipsum-10\/\" aria-label=\"Read more about Fixing Your Roof in Florida Increases Your Home&#8217;s Value: A Smart Investment!\" tabindex=\"-1\" >\n\t\t\tLeer M\u00e1s \u00bb\t\t<\/a>\n\n\t\t\t\t<\/div>\n\t\t\t\t<\/article>\n\t\t\t\t<article class=\"elementor-post elementor-grid-item post-1734 post type-post status-publish format-standard has-post-thumbnail hentry category-volt-blog\" role=\"listitem\">\n\t\t\t\t<a class=\"elementor-post__thumbnail__link\" href=\"https:\/\/volthome.com\/es\/lorem-ipsum-8\/\" tabindex=\"-1\" >\n\t\t\t<div class=\"elementor-post__thumbnail\"><img loading=\"lazy\" decoding=\"async\" width=\"800\" height=\"740\" src=\"https:\/\/volthome.com\/wp-content\/uploads\/2024\/10\/BLOGS-1080-x-1050-px-5.png\" class=\"attachment-large size-large wp-image-7505\" alt=\"\" srcset=\"https:\/\/volthome.com\/wp-content\/uploads\/2024\/10\/BLOGS-1080-x-1050-px-5.png 822w, https:\/\/volthome.com\/wp-content\/uploads\/2024\/10\/BLOGS-1080-x-1050-px-5-300x277.png 300w, https:\/\/volthome.com\/wp-content\/uploads\/2024\/10\/BLOGS-1080-x-1050-px-5-768x710.png 768w, https:\/\/volthome.com\/wp-content\/uploads\/2024\/10\/BLOGS-1080-x-1050-px-5-13x12.png 13w\" sizes=\"auto, (max-width: 800px) 100vw, 800px\" \/><\/div>\n\t\t<\/a>\n\t\t\t\t<div class=\"elementor-post__text\">\n\t\t\t\t<h3 class=\"elementor-post__title\">\n\t\t\t<a href=\"https:\/\/volthome.com\/es\/lorem-ipsum-8\/\" >\n\t\t\t\tLos 3 proyectos de mejora del hogar que m\u00e1s valor a\u00f1aden a su propiedad\t\t\t<\/a>\n\t\t<\/h3>\n\t\t\t\t<div class=\"elementor-post__meta-data\">\n\t\t\t\t\t<span class=\"elementor-post-date\">\n\t\t\t10\/07\/2024\t\t<\/span>\n\t\t\t\t<span class=\"elementor-post-avatar\">\n\t\t\tNo hay comentarios\t\t<\/span>\n\t\t\t\t<\/div>\n\t\t\t\t<div class=\"elementor-post__excerpt\">\n\t\t\t<p>Cuando se trata de aumentar el valor de su vivienda, ciertas mejoras ofrecen un mayor retorno de la inversi\u00f3n. Tres proyectos destacan por su especial impacto:<\/p>\n\t\t<\/div>\n\t\t\n\t\t<a class=\"elementor-post__read-more\" href=\"https:\/\/volthome.com\/es\/lorem-ipsum-8\/\" aria-label=\"Read more about The 3 Home Improvement Projects That Add the Most Value to Your Property\" tabindex=\"-1\" >\n\t\t\tLeer M\u00e1s \u00bb\t\t<\/a>\n\n\t\t\t\t<\/div>\n\t\t\t\t<\/article>\n\t\t\t\t<article class=\"elementor-post elementor-grid-item post-1733 post type-post status-publish format-standard has-post-thumbnail hentry category-volt-blog\" role=\"listitem\">\n\t\t\t\t<a class=\"elementor-post__thumbnail__link\" href=\"https:\/\/volthome.com\/es\/lorem-ipsum-9\/\" tabindex=\"-1\" >\n\t\t\t<div class=\"elementor-post__thumbnail\"><img loading=\"lazy\" decoding=\"async\" width=\"800\" height=\"740\" src=\"https:\/\/volthome.com\/wp-content\/uploads\/2024\/10\/BLOGS-1080-x-1050-px-4.png\" class=\"attachment-large size-large wp-image-7501\" alt=\"\" srcset=\"https:\/\/volthome.com\/wp-content\/uploads\/2024\/10\/BLOGS-1080-x-1050-px-4.png 822w, https:\/\/volthome.com\/wp-content\/uploads\/2024\/10\/BLOGS-1080-x-1050-px-4-300x277.png 300w, https:\/\/volthome.com\/wp-content\/uploads\/2024\/10\/BLOGS-1080-x-1050-px-4-768x710.png 768w, https:\/\/volthome.com\/wp-content\/uploads\/2024\/10\/BLOGS-1080-x-1050-px-4-13x12.png 13w\" sizes=\"auto, (max-width: 800px) 100vw, 800px\" \/><\/div>\n\t\t<\/a>\n\t\t\t\t<div class=\"elementor-post__text\">\n\t\t\t\t<h3 class=\"elementor-post__title\">\n\t\t\t<a href=\"https:\/\/volthome.com\/es\/lorem-ipsum-9\/\" >\n\t\t\t\t\u00bfPor qu\u00e9 los propietarios de Florida deben invertir en proteger su propiedad contra las tormentas?\t\t\t<\/a>\n\t\t<\/h3>\n\t\t\t\t<div class=\"elementor-post__meta-data\">\n\t\t\t\t\t<span class=\"elementor-post-date\">\n\t\t\t10\/07\/2024\t\t<\/span>\n\t\t\t\t<span class=\"elementor-post-avatar\">\n\t\t\tNo hay comentarios\t\t<\/span>\n\t\t\t\t<\/div>\n\t\t\t\t<div class=\"elementor-post__excerpt\">\n\t\t\t<p>Florida no es ajena a intensas tormentas y huracanes, y proteger su casa es crucial en este clima. Invertir en medidas a prueba de tormentas no s\u00f3lo garantiza<\/p>\n\t\t<\/div>\n\t\t\n\t\t<a class=\"elementor-post__read-more\" href=\"https:\/\/volthome.com\/es\/lorem-ipsum-9\/\" aria-label=\"Read more about Why Florida Homeowners Should Invest in Storm-Proofing Their Property?\" tabindex=\"-1\" >\n\t\t\tLeer M\u00e1s \u00bb\t\t<\/a>\n\n\t\t\t\t<\/div>\n\t\t\t\t<\/article>\n\t\t\t\t<\/div>\n\t\t\n\t\t\t\t\t\t<\/div>\n\t\t\t\t<\/div>\n\t\t\t\t\t<\/div>\n\t\t\t\t<\/div>\n\t\t<div class=\"elementor-element elementor-element-393c118 e-flex e-con-boxed e-con e-parent\" data-id=\"393c118\" data-element_type=\"container\" data-settings=\"{&quot;background_background&quot;:&quot;classic&quot;}\">\n\t\t\t\t\t<div class=\"e-con-inner\">\n\t\t<div class=\"elementor-element elementor-element-203ea2a e-con-full e-flex e-con e-child\" data-id=\"203ea2a\" data-element_type=\"container\">\n\t\t<div class=\"elementor-element elementor-element-af586fd e-con-full e-flex e-con e-child\" data-id=\"af586fd\" data-element_type=\"container\">\n\t\t\t\t<div class=\"elementor-element elementor-element-88443ee elementor-widget elementor-widget-heading\" data-id=\"88443ee\" data-element_type=\"widget\" data-widget_type=\"heading.default\">\n\t\t\t\t<div class=\"elementor-widget-container\">\n\t\t\t\t\t<h3 class=\"elementor-heading-title elementor-size-default\">Programe hoy mismo su consulta gratuita<\/h3>\t\t\t\t<\/div>\n\t\t\t\t<\/div>\n\t\t\t\t<div class=\"elementor-element elementor-element-1a371a1 elementor-widget__width-initial elementor-widget elementor-widget-text-editor\" data-id=\"1a371a1\" data-element_type=\"widget\" data-widget_type=\"text-editor.default\">\n\t\t\t\t<div class=\"elementor-widget-container\">\n\t\t\t\t\t\t\t\t\t<p>Descubra c\u00f3mo las soluciones de VOLT Home en energ\u00eda solar, cubiertas, climatizaci\u00f3n y bater\u00edas pueden ahorrarle dinero y mejorar su hogar. Nuestros expertos le guiar\u00e1n hacia la independencia energ\u00e9tica con planes personalizados. \u00a1P\u00f3ngase en contacto con nosotros ahora para comenzar su viaje sostenible!<\/p>\t\t\t\t\t\t\t\t<\/div>\n\t\t\t\t<\/div>\n\t\t<div class=\"elementor-element elementor-element-f5308a2 e-con-full e-flex e-con e-child\" data-id=\"f5308a2\" data-element_type=\"container\">\n\t\t\t\t<div class=\"elementor-element elementor-element-29985ab elementor-widget__width-initial elementor-widget elementor-widget-heading\" data-id=\"29985ab\" data-element_type=\"widget\" data-widget_type=\"heading.default\">\n\t\t\t\t<div class=\"elementor-widget-container\">\n\t\t\t\t\t<p class=\"elementor-heading-title elementor-size-default\">Contacta con nosotros:<\/p>\t\t\t\t<\/div>\n\t\t\t\t<\/div>\n\t\t\t\t<div class=\"elementor-element elementor-element-33e859d elementor-widget__width-initial elementor-widget elementor-widget-heading\" data-id=\"33e859d\" data-element_type=\"widget\" data-widget_type=\"heading.default\">\n\t\t\t\t<div class=\"elementor-widget-container\">\n\t\t\t\t\t<p class=\"elementor-heading-title elementor-size-default\">Tel: +1 (305) 204-6327\n<\/p>\t\t\t\t<\/div>\n\t\t\t\t<\/div>\n\t\t\t\t<div class=\"elementor-element elementor-element-4f96b2a elementor-widget__width-initial elementor-widget elementor-widget-heading\" data-id=\"4f96b2a\" data-element_type=\"widget\" data-widget_type=\"heading.default\">\n\t\t\t\t<div class=\"elementor-widget-container\">\n\t\t\t\t\t<p class=\"elementor-heading-title elementor-size-default\"><a href=\"mailto:contact@volthome.com\">contact@volthome.com<\/a><\/p>\t\t\t\t<\/div>\n\t\t\t\t<\/div>\n\t\t\t\t<div class=\"elementor-element elementor-element-36454e9 elementor-widget__width-initial elementor-widget elementor-widget-heading\" data-id=\"36454e9\" data-element_type=\"widget\" data-widget_type=\"heading.default\">\n\t\t\t\t<div class=\"elementor-widget-container\">\n\t\t\t\t\t<p class=\"elementor-heading-title elementor-size-default\">Atenci\u00f3n al cliente<\/p>\t\t\t\t<\/div>\n\t\t\t\t<\/div>\n\t\t\t\t<div class=\"elementor-element elementor-element-1a7478c elementor-widget__width-initial elementor-widget elementor-widget-heading\" data-id=\"1a7478c\" data-element_type=\"widget\" data-widget_type=\"heading.default\">\n\t\t\t\t<div class=\"elementor-widget-container\">\n\t\t\t\t\t<p class=\"elementor-heading-title elementor-size-default\">Tel\u00e9fono: +1 (786) 321-5117 (de 09:00 a 18:00)<\/p>\t\t\t\t<\/div>\n\t\t\t\t<\/div>\n\t\t\t\t<div class=\"elementor-element elementor-element-c8e8dfc elementor-widget__width-initial elementor-widget elementor-widget-heading\" data-id=\"c8e8dfc\" data-element_type=\"widget\" data-widget_type=\"heading.default\">\n\t\t\t\t<div class=\"elementor-widget-container\">\n\t\t\t\t\t<p class=\"elementor-heading-title elementor-size-default\"><a href=\"mailto:support@volthome.com\">support@volthome.com<\/a><\/p>\t\t\t\t<\/div>\n\t\t\t\t<\/div>\n\t\t\t\t<\/div>\n\t\t\t\t<\/div>\n\t\t<div class=\"elementor-element elementor-element-687cbff e-con-full e-flex e-con e-child\" data-id=\"687cbff\" data-element_type=\"container\">\n\t\t\t\t<div class=\"elementor-element elementor-element-3a8c59c elementor-button-align-end elementor-widget elementor-widget-global elementor-global-951 elementor-widget-form\" data-id=\"3a8c59c\" data-element_type=\"widget\" data-settings=\"{&quot;step_next_label&quot;:&quot;Next&quot;,&quot;step_previous_label&quot;:&quot;Previous&quot;,&quot;button_width&quot;:&quot;100&quot;,&quot;step_type&quot;:&quot;number_text&quot;,&quot;step_icon_shape&quot;:&quot;circle&quot;}\" data-widget_type=\"form.default\">\n\t\t\t\t<div class=\"elementor-widget-container\">\n\t\t\t\t\t\t\t<form class=\"elementor-form\" method=\"post\" name=\"New Form\" aria-label=\"Nuevo formulario\" action=\"\">\n\t\t\t<input type=\"hidden\" name=\"post_id\" value=\"7451\"\/>\n\t\t\t<input type=\"hidden\" name=\"form_id\" value=\"3a8c59c\"\/>\n\t\t\t<input type=\"hidden\" name=\"referer_title\" value=\"Volt Home\" \/>\n\n\t\t\t\n\t\t\t<div class=\"elementor-form-fields-wrapper elementor-labels-above\">\n\t\t\t\t\t\t\t\t<div class=\"elementor-field-type-text elementor-field-group elementor-column elementor-field-group-name elementor-col-100 elementor-field-required\">\n\t\t\t\t\t\t\t\t\t\t\t\t<label for=\"form-field-name\" class=\"elementor-field-label\">\n\t\t\t\t\t\t\t\tNombre\t\t\t\t\t\t\t<\/label>\n\t\t\t\t\t\t\t\t\t\t\t\t\t\t<input size=\"1\" type=\"text\" name=\"form_fields[name]\" id=\"form-field-name\" class=\"elementor-field elementor-size-sm  elementor-field-textual\" placeholder=\"Su nombre\" required=\"required\">\n\t\t\t\t\t\t\t\t\t\t\t<\/div>\n\t\t\t\t\t\t\t\t<div class=\"elementor-field-type-email elementor-field-group elementor-column elementor-field-group-email elementor-col-100 elementor-field-required\">\n\t\t\t\t\t\t\t\t\t\t\t\t<label for=\"form-field-email\" class=\"elementor-field-label\">\n\t\t\t\t\t\t\t\tCorreo electr\u00f3nico\t\t\t\t\t\t\t<\/label>\n\t\t\t\t\t\t\t\t\t\t\t\t\t\t<input size=\"1\" type=\"email\" name=\"form_fields[email]\" id=\"form-field-email\" class=\"elementor-field elementor-size-sm  elementor-field-textual\" placeholder=\"Su correo electr\u00f3nico\" required=\"required\">\n\t\t\t\t\t\t\t\t\t\t\t<\/div>\n\t\t\t\t\t\t\t\t<div class=\"elementor-field-type-tel elementor-field-group elementor-column elementor-field-group-message elementor-col-100 elementor-field-required\">\n\t\t\t\t\t\t\t\t\t\t\t\t<label for=\"form-field-message\" class=\"elementor-field-label\">\n\t\t\t\t\t\t\t\tTel\u00e9fono\t\t\t\t\t\t\t<\/label>\n\t\t\t\t\t\t\t\t<input size=\"1\" type=\"tel\" name=\"form_fields[message]\" id=\"form-field-message\" class=\"elementor-field elementor-size-sm  elementor-field-textual\" placeholder=\"Tu tel\u00e9fono\" required=\"required\" pattern=\"[0-9()#&amp;+*-=.]+\" title=\"S\u00f3lo se aceptan n\u00fameros y caracteres telef\u00f3nicos (#, -, *, etc).\">\n\n\t\t\t\t\t\t<\/div>\n\t\t\t\t\t\t\t\t<div class=\"elementor-field-type-recaptcha_v3 elementor-field-group elementor-column elementor-field-group-field_f618650 elementor-col-100 recaptcha_v3-bottomright\">\n\t\t\t\t\t<div class=\"elementor-field\" id=\"form-field-field_f618650\"><div class=\"elementor-g-recaptcha\" data-sitekey=\"6Lc1iTIrAAAAANsPpeb5XTTQ6ghCSplMn0ExiNju\" data-type=\"v3\" data-action=\"Form\" data-badge=\"bottomright\" data-size=\"invisible\"><\/div><\/div>\t\t\t\t<\/div>\n\t\t\t\t\t\t\t\t<div class=\"elementor-field-group elementor-column elementor-field-type-submit elementor-col-100 e-form__buttons\">\n\t\t\t\t\t<button class=\"elementor-button elementor-size-sm\" type=\"submit\">\n\t\t\t\t\t\t<span class=\"elementor-button-content-wrapper\">\n\t\t\t\t\t\t\t\t\t\t\t\t\t\t\t\t\t\t\t\t\t\t<span class=\"elementor-button-text\">Enviar<\/span>\n\t\t\t\t\t\t\t\t\t\t\t\t\t<\/span>\n\t\t\t\t\t<\/button>\n\t\t\t\t<\/div>\n\t\t\t<\/div>\n\t\t<input type=\"hidden\" name=\"trp-form-language\" value=\"es\"\/><\/form>\n\t\t\t\t\t\t<\/div>\n\t\t\t\t<\/div>\n\t\t\t\t<div class=\"elementor-element elementor-element-a3de36e elementor-widget elementor-widget-hubspot-form\" data-id=\"a3de36e\" data-element_type=\"widget\" data-widget_type=\"hubspot-form.default\">\n\t\t\t\t<div class=\"elementor-widget-container\">\n\t\t\t\t\t\n\t\t\t<div\n\t\t\tclass=\"hs-form-frame\"\n\t\t\tdata-region=\"na1\"\n\t\t\tdata-form-id=\"c7647bb7-c388-4ef1-9cea-d652f934873e\"\n\t\t\tdata-portal-id=\"47559873\"\n\t\t\t >\n\t\t\t<\/div>\n\t\t\t\t\t\t\t<\/div>\n\t\t\t\t<\/div>\n\t\t\t\t<\/div>\n\t\t\t\t<\/div>\n\t\t\t\t\t<\/div>\n\t\t\t\t<\/div>\n\t\t\t\t<\/div>","protected":false},"excerpt":{"rendered":"<p>BLOG Mant\u00e9ngase al d\u00eda con las \u00faltimas noticias, tendencias y consejos para alimentar su hogar de forma m\u00e1s inteligente. Programe su consulta gratuita hoy Descubra c\u00f3mo las soluciones de VOLT Home en energ\u00eda solar, techos, HVAC y bater\u00edas pueden ahorrarle dinero y mejorar su hogar. Nuestros expertos le guiar\u00e1n hacia la independencia energ\u00e9tica con planes personalizados. P\u00f3ngase en contacto con nosotros ahora para [...]<\/p>","protected":false},"author":4,"featured_media":0,"parent":0,"menu_order":0,"comment_status":"closed","ping_status":"closed","template":"","meta":{"_yoast_wpseo_title":"","_yoast_wpseo_metadesc":"","content-type":"","_metasync_otto_title":"","_metasync_otto_description":"","_metasync_otto_keywords":"","_metasync_otto_og_title":"","_metasync_otto_og_description":"","_metasync_otto_twitter_title":"","_metasync_otto_twitter_description":"","rank_math_title":"","rank_math_description":"","_aioseo_title":"","_aioseo_description":"","footnotes":""},"class_list":["post-7451","page","type-page","status-publish","hentry"],"yoast_head":"<!-- This site is optimized with the Yoast SEO plugin v27.1.1 - https:\/\/yoast.com\/product\/yoast-seo-wordpress\/ -->\n<title>Blog 2026 - Volt Home<\/title>\n<meta name=\"robots\" content=\"index, follow, max-snippet:-1, max-image-preview:large, max-video-preview:-1\" \/>\n<link rel=\"canonical\" href=\"https:\/\/volthome.com\/es\/blog-2026\/\" \/>\n<meta property=\"og:locale\" content=\"es_ES\" \/>\n<meta property=\"og:type\" content=\"article\" \/>\n<meta property=\"og:title\" content=\"Blog 2026 - Volt Home\" \/>\n<meta property=\"og:description\" content=\"BLOG Stay up to date with the latest news, trends, and tips to power your home smarter. Schedule your free consultation today Discover how VOLT Home\u2019s solar, roofing, HVAC, and battery solutions can save you money and enhance your home. Our experts will guide you to energy independence with personalized plans. Contact us now to [&hellip;]\" \/>\n<meta property=\"og:url\" content=\"https:\/\/volthome.com\/es\/blog-2026\/\" \/>\n<meta property=\"og:site_name\" content=\"Volt Home\" \/>\n<meta property=\"article:modified_time\" content=\"2026-02-25T17:30:07+00:00\" \/>\n<meta name=\"twitter:card\" content=\"summary_large_image\" \/>\n<script type=\"application\/ld+json\" class=\"yoast-schema-graph\">{\"@context\":\"https:\/\/schema.org\",\"@graph\":[{\"@type\":\"WebPage\",\"@id\":\"https:\/\/volthome.com\/es\/blog-2026\/\",\"url\":\"https:\/\/volthome.com\/es\/blog-2026\/\",\"name\":\"Blog 2026 - Volt Home\",\"isPartOf\":{\"@id\":\"https:\/\/volthome.com\/#website\"},\"datePublished\":\"2026-02-13T18:45:25+00:00\",\"dateModified\":\"2026-02-25T17:30:07+00:00\",\"breadcrumb\":{\"@id\":\"https:\/\/volthome.com\/es\/blog-2026\/#breadcrumb\"},\"inLanguage\":\"es\",\"potentialAction\":[{\"@type\":\"ReadAction\",\"target\":[\"https:\/\/volthome.com\/es\/blog-2026\/\"]}]},{\"@type\":\"BreadcrumbList\",\"@id\":\"https:\/\/volthome.com\/es\/blog-2026\/#breadcrumb\",\"itemListElement\":[{\"@type\":\"ListItem\",\"position\":1,\"name\":\"Home\",\"item\":\"https:\/\/volthome.com\/\"},{\"@type\":\"ListItem\",\"position\":2,\"name\":\"Blog 2026\"}]},{\"@type\":\"WebSite\",\"@id\":\"https:\/\/volthome.com\/#website\",\"url\":\"https:\/\/volthome.com\/\",\"name\":\"Volt Home\",\"description\":\"\",\"publisher\":{\"@id\":\"https:\/\/volthome.com\/#organization\"},\"potentialAction\":[{\"@type\":\"SearchAction\",\"target\":{\"@type\":\"EntryPoint\",\"urlTemplate\":\"https:\/\/volthome.com\/?s={search_term_string}\"},\"query-input\":{\"@type\":\"PropertyValueSpecification\",\"valueRequired\":true,\"valueName\":\"search_term_string\"}}],\"inLanguage\":\"es\"},{\"@type\":\"Organization\",\"@id\":\"https:\/\/volthome.com\/#organization\",\"name\":\"Volt Home\",\"url\":\"https:\/\/volthome.com\/\",\"logo\":{\"@type\":\"ImageObject\",\"inLanguage\":\"es\",\"@id\":\"https:\/\/volthome.com\/#\/schema\/logo\/image\/\",\"url\":\"https:\/\/volthome.com\/wp-content\/uploads\/2025\/04\/cropped-VOLT-en-Blanco-scaled-1.png\",\"contentUrl\":\"https:\/\/volthome.com\/wp-content\/uploads\/2025\/04\/cropped-VOLT-en-Blanco-scaled-1.png\",\"width\":2558,\"height\":624,\"caption\":\"Volt Home\"},\"image\":{\"@id\":\"https:\/\/volthome.com\/#\/schema\/logo\/image\/\"}}]}<\/script>\n<!-- \/ Yoast SEO plugin. -->","yoast_head_json":{"title":"Blog 2026 - Volt Home","robots":{"index":"index","follow":"follow","max-snippet":"max-snippet:-1","max-image-preview":"max-image-preview:large","max-video-preview":"max-video-preview:-1"},"canonical":"https:\/\/volthome.com\/es\/blog-2026\/","og_locale":"es_ES","og_type":"article","og_title":"Blog 2026 - Volt Home","og_description":"BLOG Stay up to date with the latest news, trends, and tips to power your home smarter. Schedule your free consultation today Discover how VOLT Home\u2019s solar, roofing, HVAC, and battery solutions can save you money and enhance your home. Our experts will guide you to energy independence with personalized plans. Contact us now to [&hellip;]","og_url":"https:\/\/volthome.com\/es\/blog-2026\/","og_site_name":"Volt Home","article_modified_time":"2026-02-25T17:30:07+00:00","twitter_card":"summary_large_image","schema":{"@context":"https:\/\/schema.org","@graph":[{"@type":"WebPage","@id":"https:\/\/volthome.com\/es\/blog-2026\/","url":"https:\/\/volthome.com\/es\/blog-2026\/","name":"Blog 2026 - Volt Home","isPartOf":{"@id":"https:\/\/volthome.com\/#website"},"datePublished":"2026-02-13T18:45:25+00:00","dateModified":"2026-02-25T17:30:07+00:00","breadcrumb":{"@id":"https:\/\/volthome.com\/es\/blog-2026\/#breadcrumb"},"inLanguage":"es","potentialAction":[{"@type":"ReadAction","target":["https:\/\/volthome.com\/es\/blog-2026\/"]}]},{"@type":"BreadcrumbList","@id":"https:\/\/volthome.com\/es\/blog-2026\/#breadcrumb","itemListElement":[{"@type":"ListItem","position":1,"name":"Home","item":"https:\/\/volthome.com\/"},{"@type":"ListItem","position":2,"name":"Blog 2026"}]},{"@type":"WebSite","@id":"https:\/\/volthome.com\/#website","url":"https:\/\/volthome.com\/","name":"Volt Inicio","description":"","publisher":{"@id":"https:\/\/volthome.com\/#organization"},"potentialAction":[{"@type":"SearchAction","target":{"@type":"EntryPoint","urlTemplate":"https:\/\/volthome.com\/?s={search_term_string}"},"query-input":{"@type":"PropertyValueSpecification","valueRequired":true,"valueName":"search_term_string"}}],"inLanguage":"es"},{"@type":"Organization","@id":"https:\/\/volthome.com\/#organization","name":"Volt Inicio","url":"https:\/\/volthome.com\/","logo":{"@type":"ImageObject","inLanguage":"es","@id":"https:\/\/volthome.com\/#\/schema\/logo\/image\/","url":"https:\/\/volthome.com\/wp-content\/uploads\/2025\/04\/cropped-VOLT-en-Blanco-scaled-1.png","contentUrl":"https:\/\/volthome.com\/wp-content\/uploads\/2025\/04\/cropped-VOLT-en-Blanco-scaled-1.png","width":2558,"height":624,"caption":"Volt Home"},"image":{"@id":"https:\/\/volthome.com\/#\/schema\/logo\/image\/"}}]}},"_links":{"self":[{"href":"https:\/\/volthome.com\/es\/wp-json\/wp\/v2\/pages\/7451","targetHints":{"allow":["GET"]}}],"collection":[{"href":"https:\/\/volthome.com\/es\/wp-json\/wp\/v2\/pages"}],"about":[{"href":"https:\/\/volthome.com\/es\/wp-json\/wp\/v2\/types\/page"}],"author":[{"embeddable":true,"href":"https:\/\/volthome.com\/es\/wp-json\/wp\/v2\/users\/4"}],"replies":[{"embeddable":true,"href":"https:\/\/volthome.com\/es\/wp-json\/wp\/v2\/comments?post=7451"}],"version-history":[{"count":11,"href":"https:\/\/volthome.com\/es\/wp-json\/wp\/v2\/pages\/7451\/revisions"}],"predecessor-version":[{"id":7534,"href":"https:\/\/volthome.com\/es\/wp-json\/wp\/v2\/pages\/7451\/revisions\/7534"}],"wp:attachment":[{"href":"https:\/\/volthome.com\/es\/wp-json\/wp\/v2\/media?parent=7451"}],"curies":[{"name":"wp","href":"https:\/\/api.w.org\/{rel}","templated":true}]}}