{"id":3,"date":"2024-08-12T12:31:14","date_gmt":"2024-08-12T12:31:14","guid":{"rendered":"http:\/\/34.106.123.231\/?page_id=3"},"modified":"2025-12-22T10:02:45","modified_gmt":"2025-12-22T14:02:45","slug":"privacy-policy","status":"publish","type":"page","link":"https:\/\/volthome.com\/es\/privacy-policy\/","title":{"rendered":"Pol\u00edtica de privacidad"},"content":{"rendered":"<div data-elementor-type=\"wp-page\" data-elementor-id=\"3\" class=\"elementor elementor-3\" data-elementor-post-type=\"page\">\n\t\t\t\t<div class=\"elementor-element elementor-element-133a721 e-flex e-con-boxed e-con e-parent\" data-id=\"133a721\" data-element_type=\"container\">\n\t\t\t\t\t<div class=\"e-con-inner\">\n\t\t\t\t\t<\/div>\n\t\t\t\t<\/div>\n\t\t<div class=\"elementor-element elementor-element-7369155 e-con-full e-flex e-con e-parent\" data-id=\"7369155\" data-element_type=\"container\">\n\t\t<div class=\"elementor-element elementor-element-c8a495d e-con-full e-flex e-con e-child\" data-id=\"c8a495d\" data-element_type=\"container\" data-settings=\"{&quot;background_background&quot;:&quot;classic&quot;}\">\n\t\t<div class=\"elementor-element elementor-element-d210c09 animated-slow e-flex e-con-boxed elementor-invisible e-con e-child\" data-id=\"d210c09\" data-element_type=\"container\" data-settings=\"{&quot;animation&quot;:&quot;fadeInUp&quot;}\">\n\t\t\t\t\t<div class=\"e-con-inner\">\n\t\t\t\t<div class=\"elementor-element elementor-element-8a8ec32 elementor-widget elementor-widget-heading\" data-id=\"8a8ec32\" data-element_type=\"widget\" data-widget_type=\"heading.default\">\n\t\t\t\t<div class=\"elementor-widget-container\">\n\t\t\t\t\t<h1 class=\"elementor-heading-title elementor-size-default\">Pol\u00edtica de privacidad<\/h1>\t\t\t\t<\/div>\n\t\t\t\t<\/div>\n\t\t\t\t<div class=\"elementor-element elementor-element-80210fb elementor-widget__width-inherit elementor-widget elementor-widget-heading\" data-id=\"80210fb\" data-element_type=\"widget\" data-widget_type=\"heading.default\">\n\t\t\t\t<div class=\"elementor-widget-container\">\n\t\t\t\t\t<h4 class=\"elementor-heading-title elementor-size-default\">En Volt Energy Group, damos prioridad a la privacidad y seguridad de su informaci\u00f3n. Esta Pol\u00edtica de Privacidad explica c\u00f3mo recogemos, utilizamos, revelamos y protegemos sus datos. Al utilizar nuestro sitio web y proporcionar su informaci\u00f3n, usted acepta las pr\u00e1cticas aqu\u00ed descritas.<\/h4>\t\t\t\t<\/div>\n\t\t\t\t<\/div>\n\t\t\t\t\t<\/div>\n\t\t\t\t<\/div>\n\t\t\t\t<\/div>\n\t\t\t\t<\/div>\n\t\t<div class=\"elementor-element elementor-element-a7de046 e-flex e-con-boxed e-con e-parent\" data-id=\"a7de046\" data-element_type=\"container\">\n\t\t\t\t\t<div class=\"e-con-inner\">\n\t\t\t\t<div class=\"elementor-element elementor-element-f19d8b9 elementor-widget elementor-widget-text-editor\" data-id=\"f19d8b9\" data-element_type=\"widget\" data-widget_type=\"text-editor.default\">\n\t\t\t\t<div class=\"elementor-widget-container\">\n\t\t\t\t\t\t\t\t\t<p><em>\u00daltima actualizaci\u00f3n: 06\/11\/2025<\/em><\/p>\n<p><!-- \/wp:paragraph -->\n\n<!-- wp:heading {\"level\":4} --><\/p>\n<h4>Qui\u00e9nes somos<\/h4>\n<p><!-- \/wp:heading -->\n\n<!-- wp:paragraph --><\/p>\n<p>La direcci\u00f3n de nuestro sitio web es: <a href=\"https:\/\/volthome.com\/es\/\">https:\/\/volthome.com\/<\/a><\/p>\n<p><!-- \/wp:paragraph -->\n\n<!-- wp:heading {\"level\":4} --><\/p>\n<h4>\u00a0<\/h4>\n<h4><span style=\"font-family: inherit;font-size: 1.5rem\">Informaci\u00f3n que recopilamos<\/span><\/h4>\n<p><!-- \/wp:heading -->\n\n<!-- wp:paragraph --><\/p>\n<p>Recogemos el siguiente tipo de informaci\u00f3n:<\/p>\n<p><!-- \/wp:paragraph -->\n\n<!-- wp:list --><\/p>\n<ul>\n<li style=\"list-style-type: none\">\n<ul><!-- wp:list-item --><\/ul>\n<\/li>\n<\/ul>\n<ul>\n<li style=\"list-style-type: none\">\n<ul>\n<li><strong>Informaci\u00f3n personal<\/strong>: Esto incluye nombres, direcciones, n\u00fameros de tel\u00e9fono, direcciones de correo electr\u00f3nico y otra informaci\u00f3n que comparta con nosotros.<\/li>\n<\/ul>\n<\/li>\n<\/ul>\n<p><!-- \/wp:list-item -->\n\n<!-- wp:list-item --><\/p>\n<ul>\n<li style=\"list-style-type: none\">\n<ul>\n<li><strong>Datos t\u00e9cnicos<\/strong>: Informaci\u00f3n sobre su dispositivo, direcci\u00f3n IP, navegador y c\u00f3mo interact\u00faa con nuestro sitio web.<\/li>\n<\/ul>\n<\/li>\n<\/ul>\n<p><!-- \/wp:list-item --><\/p>\n<p><!-- \/wp:list -->\n\n<!-- wp:heading {\"level\":4} --><\/p>\n<h4>\u00a0<\/h4>\n<h4>C\u00f3mo utilizamos su informaci\u00f3n<\/h4>\n<p><!-- \/wp:heading -->\n\n<!-- wp:paragraph --><\/p>\n<p>Utilizamos la informaci\u00f3n que recopilamos para los siguientes fines:<\/p>\n<p><!-- \/wp:paragraph -->\n\n<!-- wp:list --><\/p>\n<ul>\n<li style=\"list-style-type: none\">\n<ul><!-- wp:list-item --><\/ul>\n<\/li>\n<\/ul>\n<ul>\n<li style=\"list-style-type: none\">\n<ul>\n<li>Proporcionar, mantener y mejorar nuestros servicios.<\/li>\n<\/ul>\n<\/li>\n<\/ul>\n<p><!-- \/wp:list-item -->\n\n<!-- wp:list-item --><\/p>\n<ul>\n<li style=\"list-style-type: none\">\n<ul>\n<li>Para procesar transacciones y enviar confirmaciones, facturas u otras comunicaciones relacionadas.<\/li>\n<\/ul>\n<\/li>\n<\/ul>\n<p><!-- \/wp:list-item -->\n\n<!-- wp:list-item --><\/p>\n<ul>\n<li style=\"list-style-type: none\">\n<ul>\n<li>Para responder a sus preguntas, comentarios o solicitudes.<\/li>\n<\/ul>\n<\/li>\n<\/ul>\n<p><!-- \/wp:list-item -->\n\n<!-- wp:list-item --><\/p>\n<ul>\n<li style=\"list-style-type: none\">\n<ul>\n<li>Para enviarle ofertas promocionales, noticias y actualizaciones.<\/li>\n<\/ul>\n<\/li>\n<\/ul>\n<p><!-- \/wp:list-item -->\n\n<!-- wp:list-item --><\/p>\n<ul>\n<li style=\"list-style-type: none\">\n<ul>\n<li>Para analizar tendencias y mejorar la experiencia del usuario en nuestro sitio web.<\/li>\n<\/ul>\n<\/li>\n<\/ul>\n<p><!-- \/wp:list-item --><\/p>\n<p><!-- \/wp:list -->\n\n<!-- wp:heading {\"level\":4} --><\/p>\n<h4>\u00a0<\/h4>\n<h4>Compartir su informaci\u00f3n<\/h4>\n<p><!-- \/wp:heading -->\n\n<!-- wp:paragraph --><\/p>\n<p>Su privacidad es importante para nosotros. No venderemos ni alquilaremos su informaci\u00f3n personal a terceros. Sin embargo, podemos compartir su informaci\u00f3n con proveedores de servicios de confianza que nos ayudan a gestionar nuestro negocio, como procesadores de pagos, servicios de alojamiento y plataformas de marketing. Estos proveedores est\u00e1n obligados contractualmente a proteger su informaci\u00f3n.<\/p>\n<p><!-- \/wp:paragraph -->\n\n<!-- wp:heading {\"level\":4} --><\/p>\n<h4>\u00a0<\/h4>\n<h4>Conservaci\u00f3n de datos<\/h4>\n<p><!-- \/wp:heading -->\n\n<!-- wp:paragraph --><\/p>\n<p>Conservaremos sus datos personales s\u00f3lo durante el tiempo necesario para cumplir los fines descritos en esta pol\u00edtica, a menos que la ley exija o permita un per\u00edodo de conservaci\u00f3n m\u00e1s largo.<\/p>\n<p><!-- \/wp:paragraph -->\n\n<!-- wp:heading {\"level\":4} --><\/p>\n<h4>\u00a0<\/h4>\n<h4>Sus derechos<\/h4>\n<p><!-- \/wp:heading -->\n\n<!-- wp:paragraph --><\/p>\n<p>En virtud de las leyes aplicables, incluida la Ley de Privacidad del Consumidor de California (CCPA) y las leyes de privacidad de Florida, usted tiene los derechos:<\/p>\n<p><!-- \/wp:paragraph -->\n\n<!-- wp:list --><\/p>\n<ul>\n<li style=\"list-style-type: none\">\n<ul><!-- wp:list-item --><\/ul>\n<\/li>\n<\/ul>\n<ul>\n<li style=\"list-style-type: none\">\n<ul>\n<li>Acceso: Puede solicitar ver los datos personales que tenemos sobre usted.<\/li>\n<\/ul>\n<\/li>\n<\/ul>\n<p><!-- \/wp:list-item -->\n\n<!-- wp:list-item --><\/p>\n<ul>\n<li style=\"list-style-type: none\">\n<ul>\n<li>Rectificaci\u00f3n: Puede pedirnos que corrijamos cualquier dato inexacto o incompleto.<\/li>\n<\/ul>\n<\/li>\n<\/ul>\n<p><!-- \/wp:list-item -->\n\n<!-- wp:list-item --><\/p>\n<ul>\n<li style=\"list-style-type: none\">\n<ul>\n<li>Supresi\u00f3n: Puede solicitar que eliminemos sus datos personales, salvo determinadas excepciones.<\/li>\n<\/ul>\n<\/li>\n<\/ul>\n<p><!-- \/wp:list-item -->\n\n<!-- wp:list-item --><\/p>\n<ul>\n<li style=\"list-style-type: none\">\n<ul>\n<li>Exclusi\u00f3n voluntaria: puede dejar de recibir nuestras comunicaciones comerciales en cualquier momento siguiendo las instrucciones para darse de baja que aparecen en nuestros correos electr\u00f3nicos.\u00a0<\/li>\n<\/ul>\n<\/li>\n<\/ul>\n<p><!-- \/wp:list-item --><\/p>\n<p><!-- \/wp:list -->\n\n<!-- wp:heading {\"level\":4} --><\/p>\n<h4>\u00a0<\/h4>\n<h4>Seguridad<\/h4>\n<p><!-- \/wp:heading -->\n\n<!-- wp:paragraph --><\/p>\n<p>Aplicamos estrictas medidas de seguridad para proteger su informaci\u00f3n personal. Aunque nos esforzamos por mantener los m\u00e1s altos est\u00e1ndares de seguridad, le rogamos que comprenda que ninguna transmisi\u00f3n de datos a trav\u00e9s de Internet puede garantizarse 100% como segura.\u00a0<\/p>\n<p><!-- \/wp:paragraph -->\n\n<!-- wp:heading {\"level\":4} --><\/p><br>\n<h4>Condiciones de uso<\/h4><p>Al utilizar la aplicaci\u00f3n VoltHome usted acepta nuestra <a href=\"https:\/\/www.apple.com\/legal\/internet-services\/itunes\/dev\/stdeula\/\" target=\"_blank\" rel=\"noopener\">Condiciones de uso (CLUF)<\/a><\/p>\n<br>\n<h4>Cambios en esta pol\u00edtica<\/h4>\n<p><!-- \/wp:heading -->\n\n<!-- wp:paragraph --><\/p>\n<p>Podemos actualizar esta Pol\u00edtica de Privacidad ocasionalmente. Cualquier cambio se publicar\u00e1 en esta p\u00e1gina con una fecha actualizada. Le recomendamos que revise esta pol\u00edtica peri\u00f3dicamente para mantenerse informado sobre c\u00f3mo protegemos sus datos.<\/p>\n<p><!-- \/wp:paragraph -->\n\n<!-- wp:heading {\"level\":4} --><\/p>\n<h4>\u00a0<\/h4>\n<h4>Uso de cookies y tecnolog\u00edas similares<\/h4>\n<p><!-- \/wp:heading -->\n\n<!-- wp:paragraph --><\/p>\n<p>Utilizamos cookies y tecnolog\u00edas similares para mejorar su experiencia en nuestro sitio web, personalizar el contenido y analizar el tr\u00e1fico. Puede gestionar sus preferencias de cookies a trav\u00e9s de la configuraci\u00f3n de su navegador. Para obtener m\u00e1s informaci\u00f3n sobre c\u00f3mo utilizamos las cookies, consulte nuestra Pol\u00edtica de cookies.<\/p>\n<p><!-- \/wp:paragraph -->\n\n<!-- wp:heading {\"level\":4} --><\/p>\n<h4>\u00a0<\/h4>\n<h4>Recogida de informaci\u00f3n de menores<\/h4>\n<p><!-- \/wp:heading -->\n\n<!-- wp:paragraph --><\/p>\n<p>Nuestros servicios no est\u00e1n destinados a menores de 16 a\u00f1os. No recopilamos conscientemente informaci\u00f3n personal de menores. Si usted es padre o tutor y cree que su hijo nos ha proporcionado informaci\u00f3n personal, p\u00f3ngase en contacto con nosotros para que podamos tomar las medidas oportunas.<\/p>\n<p><!-- \/wp:paragraph -->\n\n<!-- wp:heading {\"level\":4} --><\/p>\n<h4>\u00a0<\/h4>\n<h4>Transferencia internacional de datos<\/h4>\n<p><!-- \/wp:heading -->\n\n<!-- wp:paragraph --><\/p>\n<p>Al facilitarnos sus datos, consiente en que los transfiramos a nuestras instalaciones o a terceros proveedores situados fuera de su pa\u00eds. Tomamos todas las precauciones necesarias para garantizar que sus datos se transfieren de forma segura y de conformidad con la legislaci\u00f3n aplicable en materia de protecci\u00f3n de datos.\u00a0<\/p>\n<p><!-- \/wp:paragraph -->\n\n<!-- wp:heading {\"level\":4} --><\/p>\n<h4>\u00a0<\/h4>\n<h4>Enlaces a sitios de terceros<\/h4>\n<p><!-- \/wp:heading -->\n\n<!-- wp:paragraph --><\/p>\n<p>Nuestro sitio web puede contener enlaces a sitios externos que no controlamos. No somos responsables de las pr\u00e1cticas de privacidad ni del contenido de estos sitios web de terceros. Le recomendamos que revise las pol\u00edticas de privacidad de estos sitios antes de enviar cualquier informaci\u00f3n personal.<\/p>\n<p><!-- \/wp:paragraph -->\n\n<!-- wp:heading {\"level\":4} --><\/p>\n<h4>\u00a0<\/h4>\n<h4>Consentimiento para el tratamiento de datos<\/h4>\n<p><!-- \/wp:heading -->\n\n<!-- wp:paragraph --><\/p>\n<p>Al enviarnos sus datos personales, usted da su consentimiento a la recogida, uso y tratamiento de sus datos tal como se describe en la presente Pol\u00edtica de Privacidad.<\/p>\n<p>&nbsp;<\/p>\t\t\t\t\t\t\t\t<\/div>\n\t\t\t\t<\/div>\n\t\t\t\t\t<\/div>\n\t\t\t\t<\/div>\n\t\t\t\t<\/div>","protected":false},"excerpt":{"rendered":"<p>Pol\u00edtica de privacidad En Volt Energy Group, damos prioridad a la privacidad y seguridad de su informaci\u00f3n. Esta Pol\u00edtica de Privacidad explica c\u00f3mo recogemos, utilizamos, revelamos y protegemos sus datos. Al utilizar nuestro sitio web y proporcionar su informaci\u00f3n, usted acepta las pr\u00e1cticas aqu\u00ed descritas. \u00daltima actualizaci\u00f3n: 06\/11\/2025 Qui\u00e9nes somos La direcci\u00f3n de nuestro sitio web es: https:\/\/volthome.com\/ [...]<\/p>","protected":false},"author":1,"featured_media":0,"parent":0,"menu_order":0,"comment_status":"closed","ping_status":"open","template":"","meta":{"_yoast_wpseo_title":"","_yoast_wpseo_metadesc":"","content-type":"","_metasync_otto_title":"","_metasync_otto_description":"","_metasync_otto_keywords":"","_metasync_otto_og_title":"","_metasync_otto_og_description":"","_metasync_otto_twitter_title":"","_metasync_otto_twitter_description":"","rank_math_title":"","rank_math_description":"","_aioseo_title":"","_aioseo_description":"","footnotes":""},"class_list":["post-3","page","type-page","status-publish","hentry"],"yoast_head":"<!-- This site is optimized with the Yoast SEO plugin v27.1.1 - https:\/\/yoast.com\/product\/yoast-seo-wordpress\/ -->\n<title>Privacy Policy - Volt Home<\/title>\n<meta name=\"robots\" content=\"index, follow, max-snippet:-1, max-image-preview:large, max-video-preview:-1\" \/>\n<link rel=\"canonical\" href=\"https:\/\/volthome.com\/es\/privacy-policy\/\" \/>\n<meta property=\"og:locale\" content=\"es_ES\" \/>\n<meta property=\"og:type\" content=\"article\" \/>\n<meta property=\"og:title\" content=\"Privacy Policy - Volt Home\" \/>\n<meta property=\"og:description\" content=\"Privacy Policy At Volt Energy Group, we prioritize the privacy and security of your information. This Privacy Policy explains how we collect, use, disclose, and protect your data. By using our website and providing your information, you agree to the practices outlined here.\u200b\u200b\u200b\u200b Last Updated: 06\/11\/2025 Who we are Our website address is: https:\/\/volthome.com\/ \u00a0 [&hellip;]\" \/>\n<meta property=\"og:url\" content=\"https:\/\/volthome.com\/es\/privacy-policy\/\" \/>\n<meta property=\"og:site_name\" content=\"Volt Home\" \/>\n<meta property=\"article:modified_time\" content=\"2025-12-22T14:02:45+00:00\" \/>\n<meta name=\"twitter:card\" content=\"summary_large_image\" \/>\n<meta name=\"twitter:label1\" content=\"Tiempo de lectura\" \/>\n\t<meta name=\"twitter:data1\" content=\"3 minutos\" \/>\n<script type=\"application\/ld+json\" class=\"yoast-schema-graph\">{\"@context\":\"https:\/\/schema.org\",\"@graph\":[{\"@type\":\"WebPage\",\"@id\":\"https:\/\/volthome.com\/es\/privacy-policy\/\",\"url\":\"https:\/\/volthome.com\/es\/privacy-policy\/\",\"name\":\"Privacy Policy - Volt Home\",\"isPartOf\":{\"@id\":\"https:\/\/volthome.com\/#website\"},\"datePublished\":\"2024-08-12T12:31:14+00:00\",\"dateModified\":\"2025-12-22T14:02:45+00:00\",\"breadcrumb\":{\"@id\":\"https:\/\/volthome.com\/es\/privacy-policy\/#breadcrumb\"},\"inLanguage\":\"es\",\"potentialAction\":[{\"@type\":\"ReadAction\",\"target\":[\"https:\/\/volthome.com\/es\/privacy-policy\/\"]}]},{\"@type\":\"BreadcrumbList\",\"@id\":\"https:\/\/volthome.com\/es\/privacy-policy\/#breadcrumb\",\"itemListElement\":[{\"@type\":\"ListItem\",\"position\":1,\"name\":\"Home\",\"item\":\"https:\/\/volthome.com\/\"},{\"@type\":\"ListItem\",\"position\":2,\"name\":\"Privacy Policy\"}]},{\"@type\":\"WebSite\",\"@id\":\"https:\/\/volthome.com\/#website\",\"url\":\"https:\/\/volthome.com\/\",\"name\":\"Volt Home\",\"description\":\"\",\"publisher\":{\"@id\":\"https:\/\/volthome.com\/#organization\"},\"potentialAction\":[{\"@type\":\"SearchAction\",\"target\":{\"@type\":\"EntryPoint\",\"urlTemplate\":\"https:\/\/volthome.com\/?s={search_term_string}\"},\"query-input\":{\"@type\":\"PropertyValueSpecification\",\"valueRequired\":true,\"valueName\":\"search_term_string\"}}],\"inLanguage\":\"es\"},{\"@type\":\"Organization\",\"@id\":\"https:\/\/volthome.com\/#organization\",\"name\":\"Volt Home\",\"url\":\"https:\/\/volthome.com\/\",\"logo\":{\"@type\":\"ImageObject\",\"inLanguage\":\"es\",\"@id\":\"https:\/\/volthome.com\/#\/schema\/logo\/image\/\",\"url\":\"https:\/\/volthome.com\/wp-content\/uploads\/2025\/04\/cropped-VOLT-en-Blanco-scaled-1.png\",\"contentUrl\":\"https:\/\/volthome.com\/wp-content\/uploads\/2025\/04\/cropped-VOLT-en-Blanco-scaled-1.png\",\"width\":2558,\"height\":624,\"caption\":\"Volt Home\"},\"image\":{\"@id\":\"https:\/\/volthome.com\/#\/schema\/logo\/image\/\"}}]}<\/script>\n<!-- \/ Yoast SEO plugin. -->","yoast_head_json":{"title":"Pol\u00edtica de privacidad - Volt Home","robots":{"index":"index","follow":"follow","max-snippet":"max-snippet:-1","max-image-preview":"max-image-preview:large","max-video-preview":"max-video-preview:-1"},"canonical":"https:\/\/volthome.com\/es\/privacy-policy\/","og_locale":"es_ES","og_type":"article","og_title":"Privacy Policy - Volt Home","og_description":"Privacy Policy At Volt Energy Group, we prioritize the privacy and security of your information. This Privacy Policy explains how we collect, use, disclose, and protect your data. By using our website and providing your information, you agree to the practices outlined here.\u200b\u200b\u200b\u200b Last Updated: 06\/11\/2025 Who we are Our website address is: https:\/\/volthome.com\/ \u00a0 [&hellip;]","og_url":"https:\/\/volthome.com\/es\/privacy-policy\/","og_site_name":"Volt Home","article_modified_time":"2025-12-22T14:02:45+00:00","twitter_card":"summary_large_image","twitter_misc":{"Tiempo de lectura":"3 minutos"},"schema":{"@context":"https:\/\/schema.org","@graph":[{"@type":"WebPage","@id":"https:\/\/volthome.com\/es\/privacy-policy\/","url":"https:\/\/volthome.com\/es\/privacy-policy\/","name":"Pol\u00edtica de privacidad - Volt Home","isPartOf":{"@id":"https:\/\/volthome.com\/#website"},"datePublished":"2024-08-12T12:31:14+00:00","dateModified":"2025-12-22T14:02:45+00:00","breadcrumb":{"@id":"https:\/\/volthome.com\/es\/privacy-policy\/#breadcrumb"},"inLanguage":"es","potentialAction":[{"@type":"ReadAction","target":["https:\/\/volthome.com\/es\/privacy-policy\/"]}]},{"@type":"BreadcrumbList","@id":"https:\/\/volthome.com\/es\/privacy-policy\/#breadcrumb","itemListElement":[{"@type":"ListItem","position":1,"name":"Home","item":"https:\/\/volthome.com\/"},{"@type":"ListItem","position":2,"name":"Privacy Policy"}]},{"@type":"WebSite","@id":"https:\/\/volthome.com\/#website","url":"https:\/\/volthome.com\/","name":"Volt Inicio","description":"","publisher":{"@id":"https:\/\/volthome.com\/#organization"},"potentialAction":[{"@type":"SearchAction","target":{"@type":"EntryPoint","urlTemplate":"https:\/\/volthome.com\/?s={search_term_string}"},"query-input":{"@type":"PropertyValueSpecification","valueRequired":true,"valueName":"search_term_string"}}],"inLanguage":"es"},{"@type":"Organization","@id":"https:\/\/volthome.com\/#organization","name":"Volt Inicio","url":"https:\/\/volthome.com\/","logo":{"@type":"ImageObject","inLanguage":"es","@id":"https:\/\/volthome.com\/#\/schema\/logo\/image\/","url":"https:\/\/volthome.com\/wp-content\/uploads\/2025\/04\/cropped-VOLT-en-Blanco-scaled-1.png","contentUrl":"https:\/\/volthome.com\/wp-content\/uploads\/2025\/04\/cropped-VOLT-en-Blanco-scaled-1.png","width":2558,"height":624,"caption":"Volt Home"},"image":{"@id":"https:\/\/volthome.com\/#\/schema\/logo\/image\/"}}]}},"_links":{"self":[{"href":"https:\/\/volthome.com\/es\/wp-json\/wp\/v2\/pages\/3","targetHints":{"allow":["GET"]}}],"collection":[{"href":"https:\/\/volthome.com\/es\/wp-json\/wp\/v2\/pages"}],"about":[{"href":"https:\/\/volthome.com\/es\/wp-json\/wp\/v2\/types\/page"}],"author":[{"embeddable":true,"href":"https:\/\/volthome.com\/es\/wp-json\/wp\/v2\/users\/1"}],"replies":[{"embeddable":true,"href":"https:\/\/volthome.com\/es\/wp-json\/wp\/v2\/comments?post=3"}],"version-history":[{"count":87,"href":"https:\/\/volthome.com\/es\/wp-json\/wp\/v2\/pages\/3\/revisions"}],"predecessor-version":[{"id":6741,"href":"https:\/\/volthome.com\/es\/wp-json\/wp\/v2\/pages\/3\/revisions\/6741"}],"wp:attachment":[{"href":"https:\/\/volthome.com\/es\/wp-json\/wp\/v2\/media?parent=3"}],"curies":[{"name":"wp","href":"https:\/\/api.w.org\/{rel}","templated":true}]}}