{"id":1133,"date":"2024-10-05T16:29:29","date_gmt":"2024-10-05T20:29:29","guid":{"rendered":"http:\/\/34.106.123.231\/?page_id=1133"},"modified":"2025-12-05T14:00:19","modified_gmt":"2025-12-05T18:00:19","slug":"become-a-partner","status":"publish","type":"page","link":"https:\/\/volthome.com\/es\/become-a-partner\/","title":{"rendered":"Trabaje con Nosotros"},"content":{"rendered":"<div data-elementor-type=\"wp-page\" data-elementor-id=\"1133\" class=\"elementor elementor-1133\" data-elementor-post-type=\"page\">\n\t\t\t\t<div class=\"elementor-element elementor-element-815a9ae e-con-full e-flex e-con e-parent\" data-id=\"815a9ae\" data-element_type=\"container\" data-settings=\"{&quot;background_background&quot;:&quot;classic&quot;}\">\n\t\t<div class=\"elementor-element elementor-element-330001a animated-slow e-flex e-con-boxed elementor-invisible e-con e-child\" data-id=\"330001a\" data-element_type=\"container\" data-settings=\"{&quot;animation&quot;:&quot;fadeInUp&quot;}\">\n\t\t\t\t\t<div class=\"e-con-inner\">\n\t\t\t\t<div class=\"elementor-element elementor-element-4da2a02 elementor-widget elementor-widget-heading\" data-id=\"4da2a02\" data-element_type=\"widget\" data-widget_type=\"heading.default\">\n\t\t\t\t<div class=\"elementor-widget-container\">\n\t\t\t\t\t<h2 class=\"elementor-heading-title elementor-size-default\">H\u00e1gase socio<\/h2>\t\t\t\t<\/div>\n\t\t\t\t<\/div>\n\t\t\t\t<div class=\"elementor-element elementor-element-2de5c83 elementor-widget__width-initial elementor-widget elementor-widget-heading\" data-id=\"2de5c83\" data-element_type=\"widget\" data-widget_type=\"heading.default\">\n\t\t\t\t<div class=\"elementor-widget-container\">\n\t\t\t\t\t<h1 class=\"elementor-heading-title elementor-size-default\">\u00danete a la Red de Trabajo de VOLT Home: Aumente su potencial de ingresos y su impacto.<\/h1>\t\t\t\t<\/div>\n\t\t\t\t<\/div>\n\t\t<div class=\"elementor-element elementor-element-495c853 e-con-full e-flex e-con e-child\" data-id=\"495c853\" data-element_type=\"container\">\n\t\t<a class=\"elementor-element elementor-element-f0e1f94 e-con-full e-flex e-con e-child\" data-id=\"f0e1f94\" data-element_type=\"container\" href=\"#elementor-action%3Aaction%3Dpopup%3Aopen%26settings%3DeyJpZCI6IjI5NjMiLCJ0b2dnbGUiOmZhbHNlfQ%3D%3D\">\n\t\t\t\t<div class=\"elementor-element elementor-element-94384d8 custom-btn-text elementor-widget elementor-widget-heading\" data-id=\"94384d8\" data-element_type=\"widget\" data-widget_type=\"heading.default\">\n\t\t\t\t<div class=\"elementor-widget-container\">\n\t\t\t\t\t<div class=\"elementor-heading-title elementor-size-default\">Hagamos equipo<\/div>\t\t\t\t<\/div>\n\t\t\t\t<\/div>\n\t\t\t\t<\/a>\n\t\t\t\t<\/div>\n\t\t\t\t\t<\/div>\n\t\t\t\t<\/div>\n\t\t\t\t<\/div>\n\t\t<div class=\"elementor-element elementor-element-3294c64 e-flex e-con-boxed e-con e-parent\" data-id=\"3294c64\" data-element_type=\"container\" data-settings=\"{&quot;background_background&quot;:&quot;classic&quot;}\">\n\t\t\t\t\t<div class=\"e-con-inner\">\n\t\t\t\t<div class=\"elementor-element elementor-element-7d54a50 elementor-widget elementor-widget-heading\" data-id=\"7d54a50\" data-element_type=\"widget\" data-widget_type=\"heading.default\">\n\t\t\t\t<div class=\"elementor-widget-container\">\n\t\t\t\t\t<h2 class=\"elementor-heading-title elementor-size-default\">SOCIOS DE VOLT<\/h2>\t\t\t\t<\/div>\n\t\t\t\t<\/div>\n\t\t\t\t<div class=\"elementor-element elementor-element-d78b8c1 elementor-widget elementor-widget-heading\" data-id=\"d78b8c1\" data-element_type=\"widget\" data-widget_type=\"heading.default\">\n\t\t\t\t<div class=\"elementor-widget-container\">\n\t\t\t\t\t<h3 class=\"elementor-heading-title elementor-size-default\">As\u00f3ciese con VOLT Home para hacer crecer su negocio<\/h3>\t\t\t\t<\/div>\n\t\t\t\t<\/div>\n\t\t<div class=\"elementor-element elementor-element-f0b813c e-con-full e-flex e-con e-child\" data-id=\"f0b813c\" data-element_type=\"container\">\n\t\t<div class=\"elementor-element elementor-element-ce590a7 e-con-full e-flex e-con e-child\" data-id=\"ce590a7\" data-element_type=\"container\">\n\t\t\t\t<div class=\"elementor-element elementor-element-68c852a elementor-widget__width-initial elementor-widget elementor-widget-text-editor\" data-id=\"68c852a\" data-element_type=\"widget\" data-widget_type=\"text-editor.default\">\n\t\t\t\t<div class=\"elementor-widget-container\">\n\t\t\t\t\t\t\t\t\t<div>\u00danete a la Red de Socios de VOLT Home y ampl\u00eda tu negocio en el mercado de soluciones sostenibles para el hogar, que est\u00e1 experimentando un r\u00e1pido crecimiento. Como socio, usted ofrecer\u00e1 a sus clientes servicios de vanguardia como energ\u00eda solar, techos, calefacci\u00f3n, ventilaci\u00f3n y aire acondicionado, bater\u00edas, filtros de agua y cargadores EV, ayud\u00e1ndoles a ahorrar significativamente en las facturas de electricidad al tiempo que mejora el valor de su hogar.<\/div>\t\t\t\t\t\t\t\t<\/div>\n\t\t\t\t<\/div>\n\t\t\t\t<div class=\"elementor-element elementor-element-5d8617f elementor-widget__width-initial elementor-widget elementor-widget-text-editor\" data-id=\"5d8617f\" data-element_type=\"widget\" data-widget_type=\"text-editor.default\">\n\t\t\t\t<div class=\"elementor-widget-container\">\n\t\t\t\t\t\t\t\t\t<div>Con VOLT Home, acceder\u00e1 a una marca de confianza respaldada por la experiencia de Tesla Premium Certified, lo que garantiza que sus clientes reciban actualizaciones de alta calidad y eficiencia energ\u00e9tica. Esta asociaci\u00f3n le permite ganar comisiones competitivas al tiempo que ofrece soluciones que hacen que los hogares sean m\u00e1s inteligentes, m\u00e1s valiosos y rentables para los propietarios de viviendas.<\/div>\t\t\t\t\t\t\t\t<\/div>\n\t\t\t\t<\/div>\n\t\t\t\t<div class=\"elementor-element elementor-element-ed4a6fb elementor-widget__width-initial elementor-widget elementor-widget-text-editor\" data-id=\"ed4a6fb\" data-element_type=\"widget\" data-widget_type=\"text-editor.default\">\n\t\t\t\t<div class=\"elementor-widget-container\">\n\t\t\t\t\t\t\t\t\t<div>\u00bfListo para elevar tu potencial de ingresos y hacer un impacto duradero? \u00danete a VOLT Home para transformar hogares en todo el pa\u00eds con soluciones sostenibles. \u00a1Comience hoy y haga crecer su negocio mientras ayuda a los propietarios a ahorrar dinero y vivir mejor con VOLT Home!<\/div>\t\t\t\t\t\t\t\t<\/div>\n\t\t\t\t<\/div>\n\t\t\t\t<\/div>\n\t\t<div class=\"elementor-element elementor-element-ec29a67 e-con-full e-flex e-con e-child\" data-id=\"ec29a67\" data-element_type=\"container\">\n\t\t\t\t<div class=\"elementor-element elementor-element-41c8fee elementor-widget elementor-widget-image\" data-id=\"41c8fee\" data-element_type=\"widget\" data-widget_type=\"image.default\">\n\t\t\t\t<div class=\"elementor-widget-container\">\n\t\t\t\t\t\t\t\t\t\t\t\t\t\t\t<img loading=\"lazy\" decoding=\"async\" width=\"1024\" height=\"1024\" src=\"https:\/\/volthome.com\/wp-content\/uploads\/2025\/04\/image2.png\" class=\"attachment-full size-full wp-image-2235\" alt=\"\" srcset=\"https:\/\/volthome.com\/wp-content\/uploads\/2025\/04\/image2.png 1024w, https:\/\/volthome.com\/wp-content\/uploads\/2025\/04\/image2-300x300.png 300w, https:\/\/volthome.com\/wp-content\/uploads\/2025\/04\/image2-150x150.png 150w, https:\/\/volthome.com\/wp-content\/uploads\/2025\/04\/image2-768x768.png 768w\" sizes=\"auto, (max-width: 1024px) 100vw, 1024px\" \/>\t\t\t\t\t\t\t\t\t\t\t\t\t\t\t<\/div>\n\t\t\t\t<\/div>\n\t\t\t\t<\/div>\n\t\t\t\t<\/div>\n\t\t\t\t\t<\/div>\n\t\t\t\t<\/div>\n\t\t<div class=\"elementor-element elementor-element-b776214 e-flex e-con-boxed e-con e-parent\" data-id=\"b776214\" data-element_type=\"container\" data-settings=\"{&quot;background_background&quot;:&quot;classic&quot;}\">\n\t\t\t\t\t<div class=\"e-con-inner\">\n\t\t<div class=\"elementor-element elementor-element-af36ac0 e-con-full e-flex e-con e-child\" data-id=\"af36ac0\" data-element_type=\"container\">\n\t\t<div class=\"elementor-element elementor-element-4711399 e-con-full e-flex e-con e-child\" data-id=\"4711399\" data-element_type=\"container\">\n\t\t\t\t<div class=\"elementor-element elementor-element-a20d0c9 elementor-widget elementor-widget-heading\" data-id=\"a20d0c9\" data-element_type=\"widget\" data-widget_type=\"heading.default\">\n\t\t\t\t<div class=\"elementor-widget-container\">\n\t\t\t\t\t<h3 class=\"elementor-heading-title elementor-size-default\">\u00a1Hagamos equipo!<\/h3>\t\t\t\t<\/div>\n\t\t\t\t<\/div>\n\t\t\t\t<div class=\"elementor-element elementor-element-edfb501 elementor-widget__width-initial elementor-widget elementor-widget-text-editor\" data-id=\"edfb501\" data-element_type=\"widget\" data-widget_type=\"text-editor.default\">\n\t\t\t\t<div class=\"elementor-widget-container\">\n\t\t\t\t\t\t\t\t\t<p>Ampl\u00ede su negocio con la energ\u00eda solar comercial, el almacenamiento en bater\u00edas, la carga de veh\u00edculos el\u00e9ctricos, la eficiencia energ\u00e9tica y otros servicios de Volt y obtenga el apoyo superior de un equipo comprometido con su \u00e9xito.<\/p>\t\t\t\t\t\t\t\t<\/div>\n\t\t\t\t<\/div>\n\t\t\t\t<div class=\"elementor-element elementor-element-0ed57a8 elementor-widget__width-initial elementor-widget elementor-widget-text-editor\" data-id=\"0ed57a8\" data-element_type=\"widget\" data-widget_type=\"text-editor.default\">\n\t\t\t\t<div class=\"elementor-widget-container\">\n\t\t\t\t\t\t\t\t\t<p>Tambi\u00e9n puede ponerse en contacto con nosotros:<br \/><br \/>Tel: +1 (305) 204-6327<br \/><br \/><span style=\"color: #a5a5a5\"><a style=\"color: #a5a5a5\" href=\"mailto:contact@volthome.com\"><span style=\"text-decoration: underline\">contact@volthome.com<\/span><\/a><\/span><br \/><br \/>Atenci\u00f3n al cliente<br \/><br \/>Tel\u00e9fono: +1 (786) 321-5117 (de 09:00 a 18:00)<br \/><br \/><span style=\"color: #a5a5a5\"><a style=\"color: #a5a5a5\" href=\"mailto:support@volthome.com\"><span style=\"text-decoration: underline\">support@volthome.com<\/span><\/a><\/span><br \/><br \/><\/p>\t\t\t\t\t\t\t\t<\/div>\n\t\t\t\t<\/div>\n\t\t\t\t<\/div>\n\t\t<div class=\"elementor-element elementor-element-10cea3e e-con-full e-flex e-con e-child\" data-id=\"10cea3e\" data-element_type=\"container\">\n\t\t\t\t<div class=\"elementor-element elementor-element-0e02202 elementor-button-align-end elementor-widget elementor-widget-global elementor-global-951 elementor-widget-form\" data-id=\"0e02202\" data-element_type=\"widget\" data-settings=\"{&quot;step_next_label&quot;:&quot;Next&quot;,&quot;step_previous_label&quot;:&quot;Previous&quot;,&quot;button_width&quot;:&quot;100&quot;,&quot;step_type&quot;:&quot;number_text&quot;,&quot;step_icon_shape&quot;:&quot;circle&quot;}\" data-widget_type=\"form.default\">\n\t\t\t\t<div class=\"elementor-widget-container\">\n\t\t\t\t\t\t\t<form class=\"elementor-form\" method=\"post\" name=\"New Form\" aria-label=\"Nuevo formulario\" action=\"\">\n\t\t\t<input type=\"hidden\" name=\"post_id\" value=\"1133\"\/>\n\t\t\t<input type=\"hidden\" name=\"form_id\" value=\"0e02202\"\/>\n\t\t\t<input type=\"hidden\" name=\"referer_title\" value=\"Volt Home\" \/>\n\n\t\t\t\n\t\t\t<div class=\"elementor-form-fields-wrapper elementor-labels-above\">\n\t\t\t\t\t\t\t\t<div class=\"elementor-field-type-text elementor-field-group elementor-column elementor-field-group-name elementor-col-100 elementor-field-required\">\n\t\t\t\t\t\t\t\t\t\t\t\t<label for=\"form-field-name\" class=\"elementor-field-label\">\n\t\t\t\t\t\t\t\tNombre\t\t\t\t\t\t\t<\/label>\n\t\t\t\t\t\t\t\t\t\t\t\t\t\t<input size=\"1\" type=\"text\" name=\"form_fields[name]\" id=\"form-field-name\" class=\"elementor-field elementor-size-sm  elementor-field-textual\" placeholder=\"Su nombre\" required=\"required\">\n\t\t\t\t\t\t\t\t\t\t\t<\/div>\n\t\t\t\t\t\t\t\t<div class=\"elementor-field-type-email elementor-field-group elementor-column elementor-field-group-email elementor-col-100 elementor-field-required\">\n\t\t\t\t\t\t\t\t\t\t\t\t<label for=\"form-field-email\" class=\"elementor-field-label\">\n\t\t\t\t\t\t\t\tCorreo electr\u00f3nico\t\t\t\t\t\t\t<\/label>\n\t\t\t\t\t\t\t\t\t\t\t\t\t\t<input size=\"1\" type=\"email\" name=\"form_fields[email]\" id=\"form-field-email\" class=\"elementor-field elementor-size-sm  elementor-field-textual\" placeholder=\"Su correo electr\u00f3nico\" required=\"required\">\n\t\t\t\t\t\t\t\t\t\t\t<\/div>\n\t\t\t\t\t\t\t\t<div class=\"elementor-field-type-tel elementor-field-group elementor-column elementor-field-group-message elementor-col-100 elementor-field-required\">\n\t\t\t\t\t\t\t\t\t\t\t\t<label for=\"form-field-message\" class=\"elementor-field-label\">\n\t\t\t\t\t\t\t\tTel\u00e9fono\t\t\t\t\t\t\t<\/label>\n\t\t\t\t\t\t\t\t<input size=\"1\" type=\"tel\" name=\"form_fields[message]\" id=\"form-field-message\" class=\"elementor-field elementor-size-sm  elementor-field-textual\" placeholder=\"Tu tel\u00e9fono\" required=\"required\" pattern=\"[0-9()#&amp;+*-=.]+\" title=\"S\u00f3lo se aceptan n\u00fameros y caracteres telef\u00f3nicos (#, -, *, etc).\">\n\n\t\t\t\t\t\t<\/div>\n\t\t\t\t\t\t\t\t<div class=\"elementor-field-type-recaptcha_v3 elementor-field-group elementor-column elementor-field-group-field_f618650 elementor-col-100 recaptcha_v3-bottomright\">\n\t\t\t\t\t<div class=\"elementor-field\" id=\"form-field-field_f618650\"><div class=\"elementor-g-recaptcha\" data-sitekey=\"6Lc1iTIrAAAAANsPpeb5XTTQ6ghCSplMn0ExiNju\" data-type=\"v3\" data-action=\"Form\" data-badge=\"bottomright\" data-size=\"invisible\"><\/div><\/div>\t\t\t\t<\/div>\n\t\t\t\t\t\t\t\t<div class=\"elementor-field-group elementor-column elementor-field-type-submit elementor-col-100 e-form__buttons\">\n\t\t\t\t\t<button class=\"elementor-button elementor-size-sm\" type=\"submit\">\n\t\t\t\t\t\t<span class=\"elementor-button-content-wrapper\">\n\t\t\t\t\t\t\t\t\t\t\t\t\t\t\t\t\t\t\t\t\t\t<span class=\"elementor-button-text\">Enviar<\/span>\n\t\t\t\t\t\t\t\t\t\t\t\t\t<\/span>\n\t\t\t\t\t<\/button>\n\t\t\t\t<\/div>\n\t\t\t<\/div>\n\t\t<input type=\"hidden\" name=\"trp-form-language\" value=\"es\"\/><\/form>\n\t\t\t\t\t\t<\/div>\n\t\t\t\t<\/div>\n\t\t\t\t<div class=\"elementor-element elementor-element-ab35334 elementor-widget elementor-widget-hubspot-form\" data-id=\"ab35334\" data-element_type=\"widget\" data-widget_type=\"hubspot-form.default\">\n\t\t\t\t<div class=\"elementor-widget-container\">\n\t\t\t\t\t\n\t\t\t<div\n\t\t\tclass=\"hs-form-frame\"\n\t\t\tdata-region=\"na1\"\n\t\t\tdata-form-id=\"c7647bb7-c388-4ef1-9cea-d652f934873e\"\n\t\t\tdata-portal-id=\"47559873\"\n\t\t\t >\n\t\t\t<\/div>\n\t\t\t\t\t\t\t<\/div>\n\t\t\t\t<\/div>\n\t\t\t\t<\/div>\n\t\t\t\t<\/div>\n\t\t\t\t\t<\/div>\n\t\t\t\t<\/div>\n\t\t\t\t<\/div>","protected":false},"excerpt":{"rendered":"<p>Convi\u00e9rtete en Socio \u00danete a la Red de Socios de VOLT Home: Eleve su potencial de ingresos y su impacto. Formemos equipo VOLT PARTNERS As\u00f3ciese con VOLT Home para hacer crecer su negocio \u00danase a la Red de Socios de VOLT Home y expanda su negocio en el mercado de soluciones sostenibles para el hogar, de r\u00e1pido crecimiento. Como socio, usted ofrecer\u00e1 a sus clientes servicios de vanguardia como [...]<\/p>","protected":false},"author":3,"featured_media":0,"parent":0,"menu_order":0,"comment_status":"closed","ping_status":"closed","template":"","meta":{"_yoast_wpseo_title":"","_yoast_wpseo_metadesc":"","content-type":"","_metasync_otto_title":"","_metasync_otto_description":"","_metasync_otto_keywords":"","_metasync_otto_og_title":"","_metasync_otto_og_description":"","_metasync_otto_twitter_title":"","_metasync_otto_twitter_description":"","rank_math_title":"","rank_math_description":"","_aioseo_title":"","_aioseo_description":"","footnotes":""},"class_list":["post-1133","page","type-page","status-publish","hentry"],"yoast_head":"<!-- This site is optimized with the Yoast SEO plugin v27.1.1 - https:\/\/yoast.com\/product\/yoast-seo-wordpress\/ -->\n<title>Become a partner - Volt Home<\/title>\n<meta name=\"robots\" content=\"index, follow, max-snippet:-1, max-image-preview:large, max-video-preview:-1\" \/>\n<link rel=\"canonical\" href=\"https:\/\/volthome.com\/es\/become-a-partner\/\" \/>\n<meta property=\"og:locale\" content=\"es_ES\" \/>\n<meta property=\"og:type\" content=\"article\" \/>\n<meta property=\"og:title\" content=\"Become a partner - Volt Home\" \/>\n<meta property=\"og:description\" content=\"Become a Partner Join the VOLT Home Partner Network: Elevate your earning potential and impact. Let\u2019s team up VOLT PARTNERS Partner with VOLT Home to Grow Your Business Join the VOLT Home Partner Network and expand your business in the fast growing sustainable home solutions market. As a partner, you\u2019ll offer clients cutting-edge services like [&hellip;]\" \/>\n<meta property=\"og:url\" content=\"https:\/\/volthome.com\/es\/become-a-partner\/\" \/>\n<meta property=\"og:site_name\" content=\"Volt Home\" \/>\n<meta property=\"article:modified_time\" content=\"2025-12-05T18:00:19+00:00\" \/>\n<meta property=\"og:image\" content=\"http:\/\/volthome.com\/wp-content\/uploads\/2025\/04\/image2.png\" \/>\n<meta name=\"twitter:card\" content=\"summary_large_image\" \/>\n<meta name=\"twitter:label1\" content=\"Tiempo de lectura\" \/>\n\t<meta name=\"twitter:data1\" content=\"1 minuto\" \/>\n<script type=\"application\/ld+json\" class=\"yoast-schema-graph\">{\"@context\":\"https:\/\/schema.org\",\"@graph\":[{\"@type\":\"WebPage\",\"@id\":\"https:\/\/volthome.com\/es\/become-a-partner\/\",\"url\":\"https:\/\/volthome.com\/es\/become-a-partner\/\",\"name\":\"Become a partner - Volt Home\",\"isPartOf\":{\"@id\":\"https:\/\/volthome.com\/#website\"},\"primaryImageOfPage\":{\"@id\":\"https:\/\/volthome.com\/es\/become-a-partner\/#primaryimage\"},\"image\":{\"@id\":\"https:\/\/volthome.com\/es\/become-a-partner\/#primaryimage\"},\"thumbnailUrl\":\"http:\/\/volthome.com\/wp-content\/uploads\/2025\/04\/image2.png\",\"datePublished\":\"2024-10-05T20:29:29+00:00\",\"dateModified\":\"2025-12-05T18:00:19+00:00\",\"breadcrumb\":{\"@id\":\"https:\/\/volthome.com\/es\/become-a-partner\/#breadcrumb\"},\"inLanguage\":\"es\",\"potentialAction\":[{\"@type\":\"ReadAction\",\"target\":[\"https:\/\/volthome.com\/es\/become-a-partner\/\"]}]},{\"@type\":\"ImageObject\",\"inLanguage\":\"es\",\"@id\":\"https:\/\/volthome.com\/es\/become-a-partner\/#primaryimage\",\"url\":\"http:\/\/volthome.com\/wp-content\/uploads\/2025\/04\/image2.png\",\"contentUrl\":\"http:\/\/volthome.com\/wp-content\/uploads\/2025\/04\/image2.png\"},{\"@type\":\"BreadcrumbList\",\"@id\":\"https:\/\/volthome.com\/es\/become-a-partner\/#breadcrumb\",\"itemListElement\":[{\"@type\":\"ListItem\",\"position\":1,\"name\":\"Home\",\"item\":\"https:\/\/volthome.com\/\"},{\"@type\":\"ListItem\",\"position\":2,\"name\":\"Become a partner\"}]},{\"@type\":\"WebSite\",\"@id\":\"https:\/\/volthome.com\/#website\",\"url\":\"https:\/\/volthome.com\/\",\"name\":\"Volt Home\",\"description\":\"\",\"publisher\":{\"@id\":\"https:\/\/volthome.com\/#organization\"},\"potentialAction\":[{\"@type\":\"SearchAction\",\"target\":{\"@type\":\"EntryPoint\",\"urlTemplate\":\"https:\/\/volthome.com\/?s={search_term_string}\"},\"query-input\":{\"@type\":\"PropertyValueSpecification\",\"valueRequired\":true,\"valueName\":\"search_term_string\"}}],\"inLanguage\":\"es\"},{\"@type\":\"Organization\",\"@id\":\"https:\/\/volthome.com\/#organization\",\"name\":\"Volt Home\",\"url\":\"https:\/\/volthome.com\/\",\"logo\":{\"@type\":\"ImageObject\",\"inLanguage\":\"es\",\"@id\":\"https:\/\/volthome.com\/#\/schema\/logo\/image\/\",\"url\":\"https:\/\/volthome.com\/wp-content\/uploads\/2025\/04\/cropped-VOLT-en-Blanco-scaled-1.png\",\"contentUrl\":\"https:\/\/volthome.com\/wp-content\/uploads\/2025\/04\/cropped-VOLT-en-Blanco-scaled-1.png\",\"width\":2558,\"height\":624,\"caption\":\"Volt Home\"},\"image\":{\"@id\":\"https:\/\/volthome.com\/#\/schema\/logo\/image\/\"}}]}<\/script>\n<!-- \/ Yoast SEO plugin. -->","yoast_head_json":{"title":"Become a partner - Volt Home","robots":{"index":"index","follow":"follow","max-snippet":"max-snippet:-1","max-image-preview":"max-image-preview:large","max-video-preview":"max-video-preview:-1"},"canonical":"https:\/\/volthome.com\/es\/become-a-partner\/","og_locale":"es_ES","og_type":"article","og_title":"Become a partner - Volt Home","og_description":"Become a Partner Join the VOLT Home Partner Network: Elevate your earning potential and impact. Let\u2019s team up VOLT PARTNERS Partner with VOLT Home to Grow Your Business Join the VOLT Home Partner Network and expand your business in the fast growing sustainable home solutions market. As a partner, you\u2019ll offer clients cutting-edge services like [&hellip;]","og_url":"https:\/\/volthome.com\/es\/become-a-partner\/","og_site_name":"Volt Home","article_modified_time":"2025-12-05T18:00:19+00:00","og_image":[{"url":"http:\/\/volthome.com\/wp-content\/uploads\/2025\/04\/image2.png","type":"","width":"","height":""}],"twitter_card":"summary_large_image","twitter_misc":{"Tiempo de lectura":"1 minuto"},"schema":{"@context":"https:\/\/schema.org","@graph":[{"@type":"WebPage","@id":"https:\/\/volthome.com\/es\/become-a-partner\/","url":"https:\/\/volthome.com\/es\/become-a-partner\/","name":"Become a partner - Volt Home","isPartOf":{"@id":"https:\/\/volthome.com\/#website"},"primaryImageOfPage":{"@id":"https:\/\/volthome.com\/es\/become-a-partner\/#primaryimage"},"image":{"@id":"https:\/\/volthome.com\/es\/become-a-partner\/#primaryimage"},"thumbnailUrl":"http:\/\/volthome.com\/wp-content\/uploads\/2025\/04\/image2.png","datePublished":"2024-10-05T20:29:29+00:00","dateModified":"2025-12-05T18:00:19+00:00","breadcrumb":{"@id":"https:\/\/volthome.com\/es\/become-a-partner\/#breadcrumb"},"inLanguage":"es","potentialAction":[{"@type":"ReadAction","target":["https:\/\/volthome.com\/es\/become-a-partner\/"]}]},{"@type":"ImageObject","inLanguage":"es","@id":"https:\/\/volthome.com\/es\/become-a-partner\/#primaryimage","url":"http:\/\/volthome.com\/wp-content\/uploads\/2025\/04\/image2.png","contentUrl":"http:\/\/volthome.com\/wp-content\/uploads\/2025\/04\/image2.png"},{"@type":"BreadcrumbList","@id":"https:\/\/volthome.com\/es\/become-a-partner\/#breadcrumb","itemListElement":[{"@type":"ListItem","position":1,"name":"Home","item":"https:\/\/volthome.com\/"},{"@type":"ListItem","position":2,"name":"Become a partner"}]},{"@type":"WebSite","@id":"https:\/\/volthome.com\/#website","url":"https:\/\/volthome.com\/","name":"Volt Inicio","description":"","publisher":{"@id":"https:\/\/volthome.com\/#organization"},"potentialAction":[{"@type":"SearchAction","target":{"@type":"EntryPoint","urlTemplate":"https:\/\/volthome.com\/?s={search_term_string}"},"query-input":{"@type":"PropertyValueSpecification","valueRequired":true,"valueName":"search_term_string"}}],"inLanguage":"es"},{"@type":"Organization","@id":"https:\/\/volthome.com\/#organization","name":"Volt Inicio","url":"https:\/\/volthome.com\/","logo":{"@type":"ImageObject","inLanguage":"es","@id":"https:\/\/volthome.com\/#\/schema\/logo\/image\/","url":"https:\/\/volthome.com\/wp-content\/uploads\/2025\/04\/cropped-VOLT-en-Blanco-scaled-1.png","contentUrl":"https:\/\/volthome.com\/wp-content\/uploads\/2025\/04\/cropped-VOLT-en-Blanco-scaled-1.png","width":2558,"height":624,"caption":"Volt Home"},"image":{"@id":"https:\/\/volthome.com\/#\/schema\/logo\/image\/"}}]}},"_links":{"self":[{"href":"https:\/\/volthome.com\/es\/wp-json\/wp\/v2\/pages\/1133","targetHints":{"allow":["GET"]}}],"collection":[{"href":"https:\/\/volthome.com\/es\/wp-json\/wp\/v2\/pages"}],"about":[{"href":"https:\/\/volthome.com\/es\/wp-json\/wp\/v2\/types\/page"}],"author":[{"embeddable":true,"href":"https:\/\/volthome.com\/es\/wp-json\/wp\/v2\/users\/3"}],"replies":[{"embeddable":true,"href":"https:\/\/volthome.com\/es\/wp-json\/wp\/v2\/comments?post=1133"}],"version-history":[{"count":56,"href":"https:\/\/volthome.com\/es\/wp-json\/wp\/v2\/pages\/1133\/revisions"}],"predecessor-version":[{"id":6606,"href":"https:\/\/volthome.com\/es\/wp-json\/wp\/v2\/pages\/1133\/revisions\/6606"}],"wp:attachment":[{"href":"https:\/\/volthome.com\/es\/wp-json\/wp\/v2\/media?parent=1133"}],"curies":[{"name":"wp","href":"https:\/\/api.w.org\/{rel}","templated":true}]}}